{"id":151,"date":"2016-02-28T11:29:45","date_gmt":"2016-02-28T10:29:45","guid":{"rendered":"http:\/\/gbbygg.com\/?page_id=151"},"modified":"2016-03-09T13:11:02","modified_gmt":"2016-03-09T12:11:02","slug":"byggentreprenad-industri","status":"publish","type":"page","link":"https:\/\/gbbygg.com\/archived\/byggentreprenad-2\/byggentreprenad-industri","title":{"rendered":"Byggentreprenad Industri"},"content":{"rendered":"<p>Vi har l\u00e5ng erfarenhet fr\u00e5n att bygga st\u00e5lbyggnader f\u00f6r industri och handel. Uppdrag\u00a0har varit allt fr\u00e5n fabriker, kyllager, utst\u00e4llningshallar, verkst\u00e4der och kontor.\u00a0Med oss som totalentrepren\u00f6r jobbar vi i n\u00e4ra samarbete med er f\u00f6r att ta fram ett uppdrag som passar era behov och sedan f\u00e4rdigst\u00e4lla detta b\u00e5de snabbt och effektivt. Vi str\u00e4var efter h\u00f6gsta kundn\u00f6jdhet\u00a0s\u00e5 att er verksamhet\u00a0kan trivas i era nya lokaler.<\/p>\n<p>&nbsp;<\/p>\n<p>N\u00e5gra av v\u00e5ra projekt:<\/p>\n<p>&nbsp;<\/p>\n<p>Utst\u00e4llningshall och lager \u00e5t Bengt i \u00d6rkelljunga.<\/p>\n<p>Vi fick i uppdrag av Bengt i \u00d6rkelljunga att bygga en utst\u00e4llningshall f\u00f6r deras husbilar i \u00d6rkelljunga vid Sk\u00e5neporten. En st\u00e5lkonstruktion med lutande glasfasad med utsikt mot E4. Vi byggde \u00e4ven deras verkstad och kontor. Storleken p\u00e5 utst\u00e4llningshallen uppg\u00e5r till ca 5000 kvm. Byggtid 9 m\u00e5nader.<\/p>\n<p>&nbsp;<\/p>\n<p>Tillverkningshall \u00e5t Ekets Mekaniska.<\/p>\n<p>P\u00e5 uppdrag av Ekets mekaniska byggde vi en industrihall f\u00f6r deras nya maskinpark. Hallen \u00e4r byggd av en st\u00e5lkonstruktion med betonggolv och den totala ytan uppg\u00e5r till ca 2700 kvm. Byggtid 7 \u00a0m\u00e5nader.<\/p>\n<p>&nbsp;<\/p>\n<p>Kyllager \u00e5t Orkun.<\/p>\n<p>P\u00e5 uppdrag av Orkun byggde vi deras kyllager i Helsingborg f\u00f6r frukt och gr\u00f6nt. Lagret \u00e4r byggt av st\u00e5lkonstruktion med isolerande element och kylaggregat ytan f\u00f6r bygget uppgick till ca 6000 kvm. Byggtid 10 m\u00e5n.<\/p>\n<p>&nbsp;<\/p>\n<p>Kyl- och fryslager \u00e5t Swecold.<\/p>\n<p>P\u00e5 uppdrag av Swecold byggde vi deras kyl- och fryslager f\u00f6r hantering och lagerh\u00e5llning av livsmedel. Vi byggde en st\u00e5lkonstruktion med isolerande element och kyl- och frysaggregat. Ytan p\u00e5 lagret uppgick till ca 3500 kvm och byggtid f\u00f6r projektet var 8 m\u00e5nader.<\/p>\n<p>&nbsp;<\/p>\n<p>Reparation \u00e5t Edenwood.<\/p>\n<p>P\u00e5 uppdrag av Edenwood reparerade vi deras m\u00e5leri och lager. Denna reparation bestod i utbyte av skadade balkar, tak och v\u00e4ggar.<\/p>\n<p>&nbsp;<\/p>\n<p>Lager och butik \u00e5t Enbergs VVS.<\/p>\n<p>P\u00e5 uppdrag av Enbergs VVS byggde vi deras nya lokal d\u00e4r de har b\u00e5de lager, butik och kontor. Deras lokal ligger i ett industriomr\u00e5de i \u00d6rkelljunga d\u00e4r vi var totalentrepren\u00f6r. Lokalen \u00e4r byggd i st\u00e5lkonstruktion. Ytan p\u00e5 lokalen uppg\u00e5r till 650 kvm. Byggtid \u00a05 m\u00e5nader.<\/p>\n<p><a href=\"http:\/\/bygg.org\"><img loading=\"lazy\" decoding=\"async\" class=\"alignnone wp-image-32\" src=\"https:\/\/gbbygg.com\/archived\/wp-content\/uploads\/2015\/02\/BI_Medlemsforetag-2.jpg\" alt=\"BI_Medlemsforetag 2\" width=\"150\" height=\"173\" \/><\/a><\/p>\n","protected":false},"excerpt":{"rendered":"<p>Vi har l\u00e5ng erfarenhet fr\u00e5n att bygga st\u00e5lbyggnader f\u00f6r industri och handel. Uppdrag\u00a0har varit allt fr\u00e5n fabriker, kyllager, utst\u00e4llningshallar, verkst\u00e4der och kontor.\u00a0Med oss som totalentrepren\u00f6r jobbar vi i n\u00e4ra samarbete med er f\u00f6r att ta fram ett uppdrag som passar<\/p>\n","protected":false},"author":1,"featured_media":0,"parent":153,"menu_order":2,"comment_status":"closed","ping_status":"closed","template":"","meta":{"footnotes":""},"class_list":["post-151","page","type-page","status-publish","hentry"],"_links":{"self":[{"href":"https:\/\/gbbygg.com\/archived\/wp-json\/wp\/v2\/pages\/151","targetHints":{"allow":["GET"]}}],"collection":[{"href":"https:\/\/gbbygg.com\/archived\/wp-json\/wp\/v2\/pages"}],"about":[{"href":"https:\/\/gbbygg.com\/archived\/wp-json\/wp\/v2\/types\/page"}],"author":[{"embeddable":true,"href":"https:\/\/gbbygg.com\/archived\/wp-json\/wp\/v2\/users\/1"}],"replies":[{"embeddable":true,"href":"https:\/\/gbbygg.com\/archived\/wp-json\/wp\/v2\/comments?post=151"}],"version-history":[{"count":11,"href":"https:\/\/gbbygg.com\/archived\/wp-json\/wp\/v2\/pages\/151\/revisions"}],"predecessor-version":[{"id":250,"href":"https:\/\/gbbygg.com\/archived\/wp-json\/wp\/v2\/pages\/151\/revisions\/250"}],"up":[{"embeddable":true,"href":"https:\/\/gbbygg.com\/archived\/wp-json\/wp\/v2\/pages\/153"}],"wp:attachment":[{"href":"https:\/\/gbbygg.com\/archived\/wp-json\/wp\/v2\/media?parent=151"}],"curies":[{"name":"wp","href":"https:\/\/api.w.org\/{rel}","templated":true}]}}