{"id":26,"date":"2015-02-12T21:41:29","date_gmt":"2015-02-12T20:41:29","guid":{"rendered":"http:\/\/gbbygg.com\/?page_id=26"},"modified":"2023-09-19T13:41:35","modified_gmt":"2023-09-19T11:41:35","slug":"kontakta-oss","status":"publish","type":"page","link":"https:\/\/gbbygg.com\/archived\/kontakta-oss","title":{"rendered":"Kontakta oss"},"content":{"rendered":"<p>&nbsp;<\/p>\n<p style=\"text-align: center;\">V\u00e4xel 0435-53233<br \/>\ninfo@gbbygg.com<\/p>\n<p style=\"text-align: center;\">Byggnads AB G\u00f6sta Bengtsson<br \/>\nFabriksv\u00e4gen 2<br \/>\n286 95 EKET<\/p>\n<p style=\"text-align: center;\"><iframe loading=\"lazy\" style=\"border: 0;\" src=\"https:\/\/www.google.com\/maps\/embed?pb=!1m18!1m12!1m3!1d17735.758471210615!2d13.175450096646422!3d56.244032325830915!2m3!1f0!2f0!3f0!3m2!1i1024!2i768!4f13.1!3m3!1m2!1s0x465162d20f5746ff%3A0x11cd11ce0ff59ecf!2sFabriksv%C3%A4gen+2%2C+286+95+Eket!5e0!3m2!1ssv!2sse!4v1423773483124\" width=\"605\" height=\"600\" frameborder=\"0\"><\/iframe><\/p>\n","protected":false},"excerpt":{"rendered":"<p>&nbsp; V\u00e4xel 0435-53233 info@gbbygg.com Byggnads AB G\u00f6sta Bengtsson Fabriksv\u00e4gen 2 286 95 EKET<\/p>\n","protected":false},"author":1,"featured_media":0,"parent":0,"menu_order":5,"comment_status":"closed","ping_status":"closed","template":"","meta":{"footnotes":""},"class_list":["post-26","page","type-page","status-publish","hentry"],"_links":{"self":[{"href":"https:\/\/gbbygg.com\/archived\/wp-json\/wp\/v2\/pages\/26","targetHints":{"allow":["GET"]}}],"collection":[{"href":"https:\/\/gbbygg.com\/archived\/wp-json\/wp\/v2\/pages"}],"about":[{"href":"https:\/\/gbbygg.com\/archived\/wp-json\/wp\/v2\/types\/page"}],"author":[{"embeddable":true,"href":"https:\/\/gbbygg.com\/archived\/wp-json\/wp\/v2\/users\/1"}],"replies":[{"embeddable":true,"href":"https:\/\/gbbygg.com\/archived\/wp-json\/wp\/v2\/comments?post=26"}],"version-history":[{"count":12,"href":"https:\/\/gbbygg.com\/archived\/wp-json\/wp\/v2\/pages\/26\/revisions"}],"predecessor-version":[{"id":660,"href":"https:\/\/gbbygg.com\/archived\/wp-json\/wp\/v2\/pages\/26\/revisions\/660"}],"wp:attachment":[{"href":"https:\/\/gbbygg.com\/archived\/wp-json\/wp\/v2\/media?parent=26"}],"curies":[{"name":"wp","href":"https:\/\/api.w.org\/{rel}","templated":true}]}}