{"id":62,"date":"2015-03-08T17:01:48","date_gmt":"2015-03-08T16:01:48","guid":{"rendered":"http:\/\/gbbygg.com\/?page_id=62"},"modified":"2024-10-14T16:28:25","modified_gmt":"2024-10-14T14:28:25","slug":"om-oss","status":"publish","type":"page","link":"https:\/\/gbbygg.com\/archived\/om-oss","title":{"rendered":"Om oss"},"content":{"rendered":"<div class=\"page\" title=\"Page 2\">\n<div class=\"layoutArea\">\n<div class=\"column\">\n<div class=\"page\" title=\"Page 1\">\n<div class=\"layoutArea\">\n<div class=\"column\">\n<div class=\"page\" title=\"Page 1\">\n<div class=\"section\">\n<div class=\"layoutArea\">\n<div class=\"column\">\n<p>Byggnads AB Go\u0308sta Bengtsson a\u0308r ett fo\u0308retag med la\u030ang erfarenhet inom byggbranschen. Bolaget grundades 1945 av Go\u0308sta Bengtsson och har sedan dess fokuserat pa\u030a ho\u0308gkvalitativa byggprojekt med god struktur, fokus pa\u030a kundno\u0308jdhet och yrkesstolthet. Sedan h\u00f6sten 2024 \u00e4r bolaget ett hel\u00e4gt dotterbolag av We Construction Malm\u00f6 AB. Under a\u030arens ga\u030ang har de flesta typer av byggnationer gjorts, allt fra\u030an villor, renoveringsarbete, industrihallar, la\u0308genhetshus, kyllager, offentliga byggnader mm. Verksamheten har sin utga\u030angspunkt i O\u0308rkelljunga kommun och fokuserar framf\u00f6r allt p\u00e5 s\u00f6dra delarna av Sverige.<\/p>\n<\/div>\n<\/div>\n<\/div>\n<\/div>\n<p>Fo\u0308retagets historia ga\u030ar att sammanfatta i olika perioder. Till en bo\u0308rjan gjordes mycket projekt fo\u0308r privatpersoner och mindre fo\u0308retag som byggservice. Da\u0308refter under 60- och 70-talet byggdes mycket villor. Under 80-talet byggdes ma\u030anga olika typer av projekt. Mest till lokala sma\u030a och medelstora fo\u0308retag. Under 90-talet utfo\u0308rdes mest byggservicearbeten och egna fastighetsprojekt da\u0308r gamla hus renoverades och samha\u0308llsfastigheter byggdes. Under 00-talet byggdes mest industrihallar, kyllager, logistikanla\u0308ggning, handelsfastigheter och kontorshus pa\u030a totalentreprenad. Under 10-talet a\u0308ndrades inriktning mot bosta\u0308der.<\/p>\n<\/div>\n<\/div>\n<\/div>\n<\/div>\n<\/div>\n<\/div>\n","protected":false},"excerpt":{"rendered":"<p>Byggnads AB Go\u0308sta Bengtsson a\u0308r ett fo\u0308retag med la\u030ang erfarenhet inom byggbranschen. Bolaget grundades 1945 av Go\u0308sta Bengtsson och har sedan dess fokuserat pa\u030a ho\u0308gkvalitativa byggprojekt med god struktur, fokus pa\u030a kundno\u0308jdhet och yrkesstolthet. Sedan h\u00f6sten 2024 \u00e4r bolaget ett<\/p>\n","protected":false},"author":1,"featured_media":0,"parent":0,"menu_order":6,"comment_status":"closed","ping_status":"closed","template":"","meta":{"footnotes":""},"class_list":["post-62","page","type-page","status-publish","hentry"],"_links":{"self":[{"href":"https:\/\/gbbygg.com\/archived\/wp-json\/wp\/v2\/pages\/62","targetHints":{"allow":["GET"]}}],"collection":[{"href":"https:\/\/gbbygg.com\/archived\/wp-json\/wp\/v2\/pages"}],"about":[{"href":"https:\/\/gbbygg.com\/archived\/wp-json\/wp\/v2\/types\/page"}],"author":[{"embeddable":true,"href":"https:\/\/gbbygg.com\/archived\/wp-json\/wp\/v2\/users\/1"}],"replies":[{"embeddable":true,"href":"https:\/\/gbbygg.com\/archived\/wp-json\/wp\/v2\/comments?post=62"}],"version-history":[{"count":22,"href":"https:\/\/gbbygg.com\/archived\/wp-json\/wp\/v2\/pages\/62\/revisions"}],"predecessor-version":[{"id":672,"href":"https:\/\/gbbygg.com\/archived\/wp-json\/wp\/v2\/pages\/62\/revisions\/672"}],"wp:attachment":[{"href":"https:\/\/gbbygg.com\/archived\/wp-json\/wp\/v2\/media?parent=62"}],"curies":[{"name":"wp","href":"https:\/\/api.w.org\/{rel}","templated":true}]}}